{"id":22,"date":"2021-04-21T09:17:17","date_gmt":"2021-04-21T09:17:17","guid":{"rendered":"https:\/\/viennasunrise.at\/?page_id=22"},"modified":"2021-07-24T14:31:15","modified_gmt":"2021-07-24T12:31:15","slug":"video","status":"publish","type":"page","link":"https:\/\/viennasunrise.at\/?page_id=22","title":{"rendered":"Video"},"content":{"rendered":"\n<h2 class=\"wp-block-heading\">Video-Links<\/h2>\n\n\n\n<figure class=\"wp-block-embed is-type-video is-provider-youtube wp-block-embed-youtube wp-embed-aspect-16-9 wp-has-aspect-ratio\"><div class=\"wp-block-embed__wrapper\">\n<iframe loading=\"lazy\"  id=\"_ytid_74009\"  width=\"640\" height=\"360\"  data-origwidth=\"640\" data-origheight=\"360\" src=\"https:\/\/www.youtube.com\/embed\/ghfTmSGiuK8?enablejsapi=1&#038;autoplay=0&#038;cc_load_policy=0&#038;cc_lang_pref=&#038;iv_load_policy=1&#038;loop=0&#038;rel=1&#038;fs=1&#038;playsinline=0&#038;autohide=2&#038;theme=dark&#038;color=red&#038;controls=1&#038;disablekb=0&#038;\" class=\"__youtube_prefs__  epyt-is-override  no-lazyload\" title=\"YouTube player\"  allow=\"fullscreen; accelerometer; autoplay; clipboard-write; encrypted-media; gyroscope; picture-in-picture; web-share\" referrerpolicy=\"strict-origin-when-cross-origin\" allowfullscreen data-no-lazy=\"1\" data-skipgform_ajax_framebjll=\"\"><\/iframe>\n<\/div><\/figure>\n\n\n\n<p>Es ist so weit: es darf wieder gerockt und gefeiert werden! <br><strong>ViennaSunrise <\/strong>live im Loop unter den Stadbahnb\u00f6gen, Juli 2021<\/p>\n\n\n\n<hr class=\"wp-block-separator is-style-wide\"\/>\n\n\n\n<figure class=\"wp-block-embed is-type-video is-provider-youtube wp-block-embed-youtube wp-embed-aspect-16-9 wp-has-aspect-ratio\"><div class=\"wp-block-embed__wrapper\">\n<iframe loading=\"lazy\"  id=\"_ytid_66124\"  width=\"640\" height=\"360\"  data-origwidth=\"640\" data-origheight=\"360\" src=\"https:\/\/www.youtube.com\/embed\/moDSok-92GM?enablejsapi=1&#038;autoplay=0&#038;cc_load_policy=0&#038;cc_lang_pref=&#038;iv_load_policy=1&#038;loop=0&#038;rel=1&#038;fs=1&#038;playsinline=0&#038;autohide=2&#038;theme=dark&#038;color=red&#038;controls=1&#038;disablekb=0&#038;\" class=\"__youtube_prefs__  epyt-is-override  no-lazyload\" title=\"YouTube player\"  allow=\"fullscreen; accelerometer; autoplay; clipboard-write; encrypted-media; gyroscope; picture-in-picture; web-share\" referrerpolicy=\"strict-origin-when-cross-origin\" allowfullscreen data-no-lazy=\"1\" data-skipgform_ajax_framebjll=\"\"><\/iframe>\n<\/div><\/figure>\n\n\n\n<p>Es ist wieder Zeit, im Freien zu proben!<br>Heutiges Thema: Songs der <strong>70er<\/strong>, leicht verst\u00e4rkt durch den Pignose-Amp &#8230; ein Relikt aus den 70ern.<\/p>\n\n\n\n<hr class=\"wp-block-separator is-style-wide\"\/>\n\n\n\n<figure class=\"wp-block-embed is-type-video is-provider-youtube wp-block-embed-youtube wp-embed-aspect-16-9 wp-has-aspect-ratio\"><div class=\"wp-block-embed__wrapper\">\n<iframe loading=\"lazy\"  id=\"_ytid_66229\"  width=\"640\" height=\"360\"  data-origwidth=\"640\" data-origheight=\"360\" src=\"https:\/\/www.youtube.com\/embed\/4SvTIu_CMPc?enablejsapi=1&#038;autoplay=0&#038;cc_load_policy=0&#038;cc_lang_pref=&#038;iv_load_policy=1&#038;loop=0&#038;rel=1&#038;fs=1&#038;playsinline=0&#038;autohide=2&#038;theme=dark&#038;color=red&#038;controls=1&#038;disablekb=0&#038;\" class=\"__youtube_prefs__  epyt-is-override  no-lazyload\" title=\"YouTube player\"  allow=\"fullscreen; accelerometer; autoplay; clipboard-write; encrypted-media; gyroscope; picture-in-picture; web-share\" referrerpolicy=\"strict-origin-when-cross-origin\" allowfullscreen data-no-lazy=\"1\" data-skipgform_ajax_framebjll=\"\"><\/iframe>\n<\/div><\/figure>\n\n\n\n<p>Ein kurzer Zusammenschnitt der ersten Proben nach der Bandgr\u00fcndung &#8230;<\/p>\n","protected":false},"excerpt":{"rendered":"<p>Video-Links Es ist so weit: es darf wieder gerockt und gefeiert werden! ViennaSunrise live im Loop unter den Stadbahnb\u00f6gen, Juli 2021 Es ist wieder Zeit, im Freien zu proben!Heutiges Thema: Songs der 70er, leicht verst\u00e4rkt durch den Pignose-Amp &#8230; ein Relikt aus den 70ern. Ein kurzer Zusammenschnitt der ersten Proben nach der Bandgr\u00fcndung &#8230;<\/p>\n","protected":false},"author":1,"featured_media":0,"parent":0,"menu_order":0,"comment_status":"closed","ping_status":"closed","template":"","meta":{"footnotes":""},"yoast_head":"<!-- This site is optimized with the Yoast SEO plugin v24.5 - https:\/\/yoast.com\/wordpress\/plugins\/seo\/ -->\n<title>Vienna Sunrise Band Videos<\/title>\n<meta name=\"description\" content=\"Vienna Sunrise Band - Folk-Rock &amp; Pop in Vienna\" \/>\n<meta name=\"robots\" content=\"index, follow, max-snippet:-1, max-image-preview:large, max-video-preview:-1\" \/>\n<link rel=\"canonical\" href=\"https:\/\/viennasunrise.at\/?page_id=22\" \/>\n<meta property=\"og:locale\" content=\"de_DE\" \/>\n<meta property=\"og:type\" content=\"article\" \/>\n<meta property=\"og:title\" content=\"Vienna Sunrise Band Videos\" \/>\n<meta property=\"og:description\" content=\"Vienna Sunrise Band - Folk-Rock &amp; Pop in Vienna\" \/>\n<meta property=\"og:url\" content=\"https:\/\/viennasunrise.at\/?page_id=22\" \/>\n<meta property=\"og:site_name\" content=\"Vienna Sunrise\" \/>\n<meta property=\"article:publisher\" content=\"https:\/\/www.facebook.com\/ViennaSunriseBand\" \/>\n<meta property=\"article:modified_time\" content=\"2021-07-24T12:31:15+00:00\" \/>\n<meta name=\"twitter:card\" content=\"summary_large_image\" \/>\n<meta name=\"twitter:site\" content=\"@SunriseVienna\" \/>\n<meta name=\"twitter:label1\" content=\"Gesch\u00e4tzte Lesezeit\" \/>\n\t<meta name=\"twitter:data1\" content=\"1 Minute\" \/>\n<script type=\"application\/ld+json\" class=\"yoast-schema-graph\">{\"@context\":\"https:\/\/schema.org\",\"@graph\":[{\"@type\":\"WebPage\",\"@id\":\"https:\/\/viennasunrise.at\/?page_id=22\",\"url\":\"https:\/\/viennasunrise.at\/?page_id=22\",\"name\":\"Vienna Sunrise Band Videos\",\"isPartOf\":{\"@id\":\"https:\/\/viennasunrise.at\/#website\"},\"datePublished\":\"2021-04-21T09:17:17+00:00\",\"dateModified\":\"2021-07-24T12:31:15+00:00\",\"description\":\"Vienna Sunrise Band - Folk-Rock & Pop in Vienna\",\"breadcrumb\":{\"@id\":\"https:\/\/viennasunrise.at\/?page_id=22#breadcrumb\"},\"inLanguage\":\"de-AT\",\"potentialAction\":[{\"@type\":\"ReadAction\",\"target\":[\"https:\/\/viennasunrise.at\/?page_id=22\"]}]},{\"@type\":\"BreadcrumbList\",\"@id\":\"https:\/\/viennasunrise.at\/?page_id=22#breadcrumb\",\"itemListElement\":[{\"@type\":\"ListItem\",\"position\":1,\"name\":\"Home\",\"item\":\"https:\/\/viennasunrise.at\/\"},{\"@type\":\"ListItem\",\"position\":2,\"name\":\"Video\"}]},{\"@type\":\"WebSite\",\"@id\":\"https:\/\/viennasunrise.at\/#website\",\"url\":\"https:\/\/viennasunrise.at\/\",\"name\":\"Vienna Sunrise\",\"description\":\"Folk-Rock &amp; Pop in Vienna\",\"publisher\":{\"@id\":\"https:\/\/viennasunrise.at\/#organization\"},\"potentialAction\":[{\"@type\":\"SearchAction\",\"target\":{\"@type\":\"EntryPoint\",\"urlTemplate\":\"https:\/\/viennasunrise.at\/?s={search_term_string}\"},\"query-input\":{\"@type\":\"PropertyValueSpecification\",\"valueRequired\":true,\"valueName\":\"search_term_string\"}}],\"inLanguage\":\"de-AT\"},{\"@type\":\"Organization\",\"@id\":\"https:\/\/viennasunrise.at\/#organization\",\"name\":\"Vienna Sunrise Band\",\"url\":\"https:\/\/viennasunrise.at\/\",\"logo\":{\"@type\":\"ImageObject\",\"inLanguage\":\"de-AT\",\"@id\":\"https:\/\/viennasunrise.at\/#\/schema\/logo\/image\/\",\"url\":\"https:\/\/viennasunrise.at\/wp-content\/uploads\/2021\/04\/vienna-02.png\",\"contentUrl\":\"https:\/\/viennasunrise.at\/wp-content\/uploads\/2021\/04\/vienna-02.png\",\"width\":597,\"height\":188,\"caption\":\"Vienna Sunrise Band\"},\"image\":{\"@id\":\"https:\/\/viennasunrise.at\/#\/schema\/logo\/image\/\"},\"sameAs\":[\"https:\/\/www.facebook.com\/ViennaSunriseBand\",\"https:\/\/x.com\/SunriseVienna\",\"https:\/\/www.instagram.com\/viennasunriseband\/\",\"https:\/\/www.youtube.com\/channel\/UC-pu3aLxo5KM5ybnKI4yopw\"]}]}<\/script>\n<!-- \/ Yoast SEO plugin. -->","yoast_head_json":{"title":"Vienna Sunrise Band Videos","description":"Vienna Sunrise Band - Folk-Rock & Pop in Vienna","robots":{"index":"index","follow":"follow","max-snippet":"max-snippet:-1","max-image-preview":"max-image-preview:large","max-video-preview":"max-video-preview:-1"},"canonical":"https:\/\/viennasunrise.at\/?page_id=22","og_locale":"de_DE","og_type":"article","og_title":"Vienna Sunrise Band Videos","og_description":"Vienna Sunrise Band - Folk-Rock & Pop in Vienna","og_url":"https:\/\/viennasunrise.at\/?page_id=22","og_site_name":"Vienna Sunrise","article_publisher":"https:\/\/www.facebook.com\/ViennaSunriseBand","article_modified_time":"2021-07-24T12:31:15+00:00","twitter_card":"summary_large_image","twitter_site":"@SunriseVienna","twitter_misc":{"Gesch\u00e4tzte Lesezeit":"1 Minute"},"schema":{"@context":"https:\/\/schema.org","@graph":[{"@type":"WebPage","@id":"https:\/\/viennasunrise.at\/?page_id=22","url":"https:\/\/viennasunrise.at\/?page_id=22","name":"Vienna Sunrise Band Videos","isPartOf":{"@id":"https:\/\/viennasunrise.at\/#website"},"datePublished":"2021-04-21T09:17:17+00:00","dateModified":"2021-07-24T12:31:15+00:00","description":"Vienna Sunrise Band - Folk-Rock & Pop in Vienna","breadcrumb":{"@id":"https:\/\/viennasunrise.at\/?page_id=22#breadcrumb"},"inLanguage":"de-AT","potentialAction":[{"@type":"ReadAction","target":["https:\/\/viennasunrise.at\/?page_id=22"]}]},{"@type":"BreadcrumbList","@id":"https:\/\/viennasunrise.at\/?page_id=22#breadcrumb","itemListElement":[{"@type":"ListItem","position":1,"name":"Home","item":"https:\/\/viennasunrise.at\/"},{"@type":"ListItem","position":2,"name":"Video"}]},{"@type":"WebSite","@id":"https:\/\/viennasunrise.at\/#website","url":"https:\/\/viennasunrise.at\/","name":"Vienna Sunrise","description":"Folk-Rock &amp; Pop in Vienna","publisher":{"@id":"https:\/\/viennasunrise.at\/#organization"},"potentialAction":[{"@type":"SearchAction","target":{"@type":"EntryPoint","urlTemplate":"https:\/\/viennasunrise.at\/?s={search_term_string}"},"query-input":{"@type":"PropertyValueSpecification","valueRequired":true,"valueName":"search_term_string"}}],"inLanguage":"de-AT"},{"@type":"Organization","@id":"https:\/\/viennasunrise.at\/#organization","name":"Vienna Sunrise Band","url":"https:\/\/viennasunrise.at\/","logo":{"@type":"ImageObject","inLanguage":"de-AT","@id":"https:\/\/viennasunrise.at\/#\/schema\/logo\/image\/","url":"https:\/\/viennasunrise.at\/wp-content\/uploads\/2021\/04\/vienna-02.png","contentUrl":"https:\/\/viennasunrise.at\/wp-content\/uploads\/2021\/04\/vienna-02.png","width":597,"height":188,"caption":"Vienna Sunrise Band"},"image":{"@id":"https:\/\/viennasunrise.at\/#\/schema\/logo\/image\/"},"sameAs":["https:\/\/www.facebook.com\/ViennaSunriseBand","https:\/\/x.com\/SunriseVienna","https:\/\/www.instagram.com\/viennasunriseband\/","https:\/\/www.youtube.com\/channel\/UC-pu3aLxo5KM5ybnKI4yopw"]}]}},"_links":{"self":[{"href":"https:\/\/viennasunrise.at\/index.php?rest_route=\/wp\/v2\/pages\/22"}],"collection":[{"href":"https:\/\/viennasunrise.at\/index.php?rest_route=\/wp\/v2\/pages"}],"about":[{"href":"https:\/\/viennasunrise.at\/index.php?rest_route=\/wp\/v2\/types\/page"}],"author":[{"embeddable":true,"href":"https:\/\/viennasunrise.at\/index.php?rest_route=\/wp\/v2\/users\/1"}],"replies":[{"embeddable":true,"href":"https:\/\/viennasunrise.at\/index.php?rest_route=%2Fwp%2Fv2%2Fcomments&post=22"}],"version-history":[{"count":13,"href":"https:\/\/viennasunrise.at\/index.php?rest_route=\/wp\/v2\/pages\/22\/revisions"}],"predecessor-version":[{"id":158,"href":"https:\/\/viennasunrise.at\/index.php?rest_route=\/wp\/v2\/pages\/22\/revisions\/158"}],"wp:attachment":[{"href":"https:\/\/viennasunrise.at\/index.php?rest_route=%2Fwp%2Fv2%2Fmedia&parent=22"}],"curies":[{"name":"wp","href":"https:\/\/api.w.org\/{rel}","templated":true}]}}