{"id":9,"date":"2021-04-20T18:20:07","date_gmt":"2021-04-20T18:20:07","guid":{"rendered":"https:\/\/viennasunrise.at\/?page_id=9"},"modified":"2022-01-13T15:09:07","modified_gmt":"2022-01-13T14:09:07","slug":"home","status":"publish","type":"page","link":"https:\/\/viennasunrise.at\/?page_id=9","title":{"rendered":"Terminkalender \/ Veranstaltungen"},"content":{"rendered":"\n<h2 class=\"wp-block-heading\">Bevorstehende Veranstaltungen<\/h2>\n\n\n\n<figure class=\"wp-block-table\"><table><tbody><tr><td><strong>wann???<\/strong><\/td><td><strong>wo????????????<\/strong><\/td><td><strong>was?<\/strong><\/td><\/tr><tr><td><strong>15.1.2022<\/strong><\/td><td><a href=\"https:\/\/www.cafeamadeus.at\/\"><strong>Cafe Amadeus<\/strong><\/a><br>M\u00e4rzstra\u00dfe 4<\/td><td>Nach einer weiteren Corona-Pause beginnt <strong>Vienna Sunrise<\/strong> das Jahr 2022 mit erweitertem Programm und erweitertem Line-Up im ehrw\u00fcrdigen <strong>Cafe Amadeus<\/strong>. Wir freuen uns auf einen Abend voll feiner Musik und auf die legend\u00e4ren Riesen-Eierspeisbrote. Musik relativ p\u00fcnktlich <strong>von 19 bis 21 Uhr<\/strong>, da ja momentan um 22 Uhr Sperrstunde ist.<\/td><\/tr><\/tbody><\/table><\/figure>\n\n\n\n<h2 class=\"wp-block-heading\">Vergangene Veranstaltungen<\/h2>\n\n\n\n<figure class=\"wp-block-table\"><table><tbody><tr><td><strong>wann???<\/strong><\/td><td><strong>wo?????<\/strong><\/td><td><strong>was?<\/strong><\/td><\/tr><tr><td><strong>21.7.2021<\/strong><\/td><td><a href=\"https:\/\/loop.co.at\/\"><strong>Loop<\/strong><\/a><\/td><td>Unter den Stadtbahnb\u00f6gen wird wieder gefeiert. L\u00e4ssig zum drau\u00dfen oder drinnen sitzen.<\/td><\/tr><tr><td><strong>16.7<strong>.2021<\/strong><\/strong><\/td><td><a href=\"https:\/\/www.escape-metalcorner.at\/\"><strong>Escape<\/strong><\/a><\/td><td>Gemeinsam mit <strong><a href=\"https:\/\/goed-band.at\/\">GOED<\/a> <\/strong>wird hier die Post-Corona-\u00c4ra eingel\u00e4utet.<\/td><\/tr><tr><td><strong>18.6<strong>.2021<\/strong><\/strong><\/td><td><a href=\"https:\/\/www.facebook.com\/lapazvienna\/\"><strong>La Paz<\/strong><\/a><\/td><td>Hier gibts seit genau 11 Jahren nicht nur das beste bolivianischen Essen der Stadt, sondern auch die besten und frischesten Cocktails. Eigentlich als spontaner Ersatz f\u00fcr erkrankte Band. Lustig wars \ud83d\ude42<\/td><\/tr><\/tbody><\/table><\/figure>\n\n\n\n<p><\/p>\n","protected":false},"excerpt":{"rendered":"<p>Bevorstehende Veranstaltungen wann??? wo???????????? was? 15.1.2022 Cafe AmadeusM\u00e4rzstra\u00dfe 4 Nach einer weiteren Corona-Pause beginnt Vienna Sunrise das Jahr 2022 mit erweitertem Programm und erweitertem Line-Up im ehrw\u00fcrdigen Cafe Amadeus. Wir freuen uns auf einen Abend voll feiner Musik und auf die legend\u00e4ren Riesen-Eierspeisbrote. Musik relativ p\u00fcnktlich von 19 bis 21 Uhr, da ja momentan um 22 Uhr Sperrstunde ist. Vergangene Veranstaltungen wann??? wo????? was? 21.7.2021 Loop Unter den Stadtbahnb\u00f6gen wird [&hellip;]<\/p>\n","protected":false},"author":1,"featured_media":0,"parent":0,"menu_order":0,"comment_status":"closed","ping_status":"closed","template":"","meta":{"footnotes":""},"yoast_head":"<!-- This site is optimized with the Yoast SEO plugin v24.5 - https:\/\/yoast.com\/wordpress\/plugins\/seo\/ -->\n<title>Vienna Sunrise Band Events Kalender<\/title>\n<meta name=\"description\" content=\"Vienna Sunrise Band - Folk-Rock &amp; Pop in Vienna\" \/>\n<meta name=\"robots\" content=\"index, follow, max-snippet:-1, max-image-preview:large, max-video-preview:-1\" \/>\n<link rel=\"canonical\" href=\"https:\/\/viennasunrise.at\/?page_id=9\" \/>\n<meta property=\"og:locale\" content=\"de_DE\" \/>\n<meta property=\"og:type\" content=\"article\" \/>\n<meta property=\"og:title\" content=\"Vienna Sunrise Band Events Kalender\" \/>\n<meta property=\"og:description\" content=\"Vienna Sunrise Band - Folk-Rock &amp; Pop in Vienna\" \/>\n<meta property=\"og:url\" content=\"https:\/\/viennasunrise.at\/?page_id=9\" \/>\n<meta property=\"og:site_name\" content=\"Vienna Sunrise\" \/>\n<meta property=\"article:publisher\" content=\"https:\/\/www.facebook.com\/ViennaSunriseBand\" \/>\n<meta property=\"article:modified_time\" content=\"2022-01-13T14:09:07+00:00\" \/>\n<meta name=\"twitter:card\" content=\"summary_large_image\" \/>\n<meta name=\"twitter:site\" content=\"@SunriseVienna\" \/>\n<meta name=\"twitter:label1\" content=\"Gesch\u00e4tzte Lesezeit\" \/>\n\t<meta name=\"twitter:data1\" content=\"1 Minute\" \/>\n<script type=\"application\/ld+json\" class=\"yoast-schema-graph\">{\"@context\":\"https:\/\/schema.org\",\"@graph\":[{\"@type\":\"WebPage\",\"@id\":\"https:\/\/viennasunrise.at\/?page_id=9\",\"url\":\"https:\/\/viennasunrise.at\/?page_id=9\",\"name\":\"Vienna Sunrise Band Events Kalender\",\"isPartOf\":{\"@id\":\"https:\/\/viennasunrise.at\/#website\"},\"datePublished\":\"2021-04-20T18:20:07+00:00\",\"dateModified\":\"2022-01-13T14:09:07+00:00\",\"description\":\"Vienna Sunrise Band - Folk-Rock & Pop in Vienna\",\"breadcrumb\":{\"@id\":\"https:\/\/viennasunrise.at\/?page_id=9#breadcrumb\"},\"inLanguage\":\"de-AT\",\"potentialAction\":[{\"@type\":\"ReadAction\",\"target\":[\"https:\/\/viennasunrise.at\/?page_id=9\"]}]},{\"@type\":\"BreadcrumbList\",\"@id\":\"https:\/\/viennasunrise.at\/?page_id=9#breadcrumb\",\"itemListElement\":[{\"@type\":\"ListItem\",\"position\":1,\"name\":\"Home\",\"item\":\"https:\/\/viennasunrise.at\/\"},{\"@type\":\"ListItem\",\"position\":2,\"name\":\"Terminkalender \/ Veranstaltungen\"}]},{\"@type\":\"WebSite\",\"@id\":\"https:\/\/viennasunrise.at\/#website\",\"url\":\"https:\/\/viennasunrise.at\/\",\"name\":\"Vienna Sunrise\",\"description\":\"Folk-Rock &amp; Pop in Vienna\",\"publisher\":{\"@id\":\"https:\/\/viennasunrise.at\/#organization\"},\"potentialAction\":[{\"@type\":\"SearchAction\",\"target\":{\"@type\":\"EntryPoint\",\"urlTemplate\":\"https:\/\/viennasunrise.at\/?s={search_term_string}\"},\"query-input\":{\"@type\":\"PropertyValueSpecification\",\"valueRequired\":true,\"valueName\":\"search_term_string\"}}],\"inLanguage\":\"de-AT\"},{\"@type\":\"Organization\",\"@id\":\"https:\/\/viennasunrise.at\/#organization\",\"name\":\"Vienna Sunrise Band\",\"url\":\"https:\/\/viennasunrise.at\/\",\"logo\":{\"@type\":\"ImageObject\",\"inLanguage\":\"de-AT\",\"@id\":\"https:\/\/viennasunrise.at\/#\/schema\/logo\/image\/\",\"url\":\"https:\/\/viennasunrise.at\/wp-content\/uploads\/2021\/04\/vienna-02.png\",\"contentUrl\":\"https:\/\/viennasunrise.at\/wp-content\/uploads\/2021\/04\/vienna-02.png\",\"width\":597,\"height\":188,\"caption\":\"Vienna Sunrise Band\"},\"image\":{\"@id\":\"https:\/\/viennasunrise.at\/#\/schema\/logo\/image\/\"},\"sameAs\":[\"https:\/\/www.facebook.com\/ViennaSunriseBand\",\"https:\/\/x.com\/SunriseVienna\",\"https:\/\/www.instagram.com\/viennasunriseband\/\",\"https:\/\/www.youtube.com\/channel\/UC-pu3aLxo5KM5ybnKI4yopw\"]}]}<\/script>\n<!-- \/ Yoast SEO plugin. -->","yoast_head_json":{"title":"Vienna Sunrise Band Events Kalender","description":"Vienna Sunrise Band - Folk-Rock & Pop in Vienna","robots":{"index":"index","follow":"follow","max-snippet":"max-snippet:-1","max-image-preview":"max-image-preview:large","max-video-preview":"max-video-preview:-1"},"canonical":"https:\/\/viennasunrise.at\/?page_id=9","og_locale":"de_DE","og_type":"article","og_title":"Vienna Sunrise Band Events Kalender","og_description":"Vienna Sunrise Band - Folk-Rock & Pop in Vienna","og_url":"https:\/\/viennasunrise.at\/?page_id=9","og_site_name":"Vienna Sunrise","article_publisher":"https:\/\/www.facebook.com\/ViennaSunriseBand","article_modified_time":"2022-01-13T14:09:07+00:00","twitter_card":"summary_large_image","twitter_site":"@SunriseVienna","twitter_misc":{"Gesch\u00e4tzte Lesezeit":"1 Minute"},"schema":{"@context":"https:\/\/schema.org","@graph":[{"@type":"WebPage","@id":"https:\/\/viennasunrise.at\/?page_id=9","url":"https:\/\/viennasunrise.at\/?page_id=9","name":"Vienna Sunrise Band Events Kalender","isPartOf":{"@id":"https:\/\/viennasunrise.at\/#website"},"datePublished":"2021-04-20T18:20:07+00:00","dateModified":"2022-01-13T14:09:07+00:00","description":"Vienna Sunrise Band - Folk-Rock & Pop in Vienna","breadcrumb":{"@id":"https:\/\/viennasunrise.at\/?page_id=9#breadcrumb"},"inLanguage":"de-AT","potentialAction":[{"@type":"ReadAction","target":["https:\/\/viennasunrise.at\/?page_id=9"]}]},{"@type":"BreadcrumbList","@id":"https:\/\/viennasunrise.at\/?page_id=9#breadcrumb","itemListElement":[{"@type":"ListItem","position":1,"name":"Home","item":"https:\/\/viennasunrise.at\/"},{"@type":"ListItem","position":2,"name":"Terminkalender \/ Veranstaltungen"}]},{"@type":"WebSite","@id":"https:\/\/viennasunrise.at\/#website","url":"https:\/\/viennasunrise.at\/","name":"Vienna Sunrise","description":"Folk-Rock &amp; Pop in Vienna","publisher":{"@id":"https:\/\/viennasunrise.at\/#organization"},"potentialAction":[{"@type":"SearchAction","target":{"@type":"EntryPoint","urlTemplate":"https:\/\/viennasunrise.at\/?s={search_term_string}"},"query-input":{"@type":"PropertyValueSpecification","valueRequired":true,"valueName":"search_term_string"}}],"inLanguage":"de-AT"},{"@type":"Organization","@id":"https:\/\/viennasunrise.at\/#organization","name":"Vienna Sunrise Band","url":"https:\/\/viennasunrise.at\/","logo":{"@type":"ImageObject","inLanguage":"de-AT","@id":"https:\/\/viennasunrise.at\/#\/schema\/logo\/image\/","url":"https:\/\/viennasunrise.at\/wp-content\/uploads\/2021\/04\/vienna-02.png","contentUrl":"https:\/\/viennasunrise.at\/wp-content\/uploads\/2021\/04\/vienna-02.png","width":597,"height":188,"caption":"Vienna Sunrise Band"},"image":{"@id":"https:\/\/viennasunrise.at\/#\/schema\/logo\/image\/"},"sameAs":["https:\/\/www.facebook.com\/ViennaSunriseBand","https:\/\/x.com\/SunriseVienna","https:\/\/www.instagram.com\/viennasunriseband\/","https:\/\/www.youtube.com\/channel\/UC-pu3aLxo5KM5ybnKI4yopw"]}]}},"_links":{"self":[{"href":"https:\/\/viennasunrise.at\/index.php?rest_route=\/wp\/v2\/pages\/9"}],"collection":[{"href":"https:\/\/viennasunrise.at\/index.php?rest_route=\/wp\/v2\/pages"}],"about":[{"href":"https:\/\/viennasunrise.at\/index.php?rest_route=\/wp\/v2\/types\/page"}],"author":[{"embeddable":true,"href":"https:\/\/viennasunrise.at\/index.php?rest_route=\/wp\/v2\/users\/1"}],"replies":[{"embeddable":true,"href":"https:\/\/viennasunrise.at\/index.php?rest_route=%2Fwp%2Fv2%2Fcomments&post=9"}],"version-history":[{"count":16,"href":"https:\/\/viennasunrise.at\/index.php?rest_route=\/wp\/v2\/pages\/9\/revisions"}],"predecessor-version":[{"id":161,"href":"https:\/\/viennasunrise.at\/index.php?rest_route=\/wp\/v2\/pages\/9\/revisions\/161"}],"wp:attachment":[{"href":"https:\/\/viennasunrise.at\/index.php?rest_route=%2Fwp%2Fv2%2Fmedia&parent=9"}],"curies":[{"name":"wp","href":"https:\/\/api.w.org\/{rel}","templated":true}]}}